{"id":52,"date":"2016-06-06T09:49:40","date_gmt":"2016-06-06T09:49:40","guid":{"rendered":"http:\/\/www.spc-linz.at\/de\/?page_id=52"},"modified":"2016-06-06T09:51:13","modified_gmt":"2016-06-06T09:51:13","slug":"neuigkeiten","status":"publish","type":"page","link":"https:\/\/www.spc-linz.at\/de\/neuigkeiten\/","title":{"rendered":"Neuigkeiten"},"content":{"rendered":"<p><strong>Presse- u. Informationsdienst der Heiligen Synode<\/strong><\/p>\n<p>W\u00e4hrend einer Pressekonferenz im Patriarchat las Seine Eminenz, der Metropolit von Montenegro, Amfilohije, die an die in- und ausl\u00e4ndische\u00d6ffentlichkeit gerichtete Mitteilung der Hierarchie der Serbischen Orthodoxen Kirche vor.<\/p>\n<div style=\"text-align: center;\">\n<h4>MITTEILUNG DER BISCHOFSVOLLVERSAMMLUNG<\/h4>\n<h4>DER SERBISCHEN ORTHODOXEN KIRCHE<\/h4>\n<h4>ZU KOSOVO UND METOCHIEN<\/h4>\n<\/div>\n<p>Kosovo und Metochien wurden viele jahrhundertelang von Serben bewohnt und bis zu den grossen, durch die t\u00fcrkische Gewalt verursachten Auswanderungen der Serben gegen Norden, im 17. und 18. Jahrhundert, stellten die Serben den gr\u00f6ssten Teil der Bev\u00f6lkerung in Kosovo und Metochien dar. Die historische Tatsache, dass sich hier das Zentrum des mittelalterlichen serbischen Staates befand und bis heute den Mittelpunkt der nationalen, christlichen sakralen und profanen Kultur des serbischen Volkes bildet, ist allgemein bekannt . Hier, im Patriarchat von Pec, befindet sich seit dem 13. Jahrhundert bis heute der offizielle Sitz serbischer Erzbisch\u00f6fe und Patriarchen. Was die Staatlichkeit betrifft, so ist auch allen bisher geltenden\u00a0 internationalen Vertr\u00e4gen, sowohl \u00e4lteren als auch neueren Datums, sowie auch allen bisher verabschiedeten Resolutionen der Generalversammlung und des Sicherheitsrats der Vereinten Nationen, dem Pariser Vertrag aus 1995 und einer ganzen Reihe von Rechtsakten der Europ\u00e4ischen Union , Russlands, der Vereinigten Staaten von Amerika, Grossbritanniens, Deutschlands, Frankreichs und anderer L\u00e4nder, Kosovo-Metochien ein untrennbarer Teil des serbischen Territoriums.<\/p>\n<p>Indem wir an alle diese Tatsachen erinnern, vergessen wir keineswegs die heutige vielv\u00f6lkerliche Zusammenseztung der Bev\u00f6lkerung in Kosovo und Metochien. Genauso kennen wir, so wie immer bisher, in Einklang mit unserem christlichen Gewissen, alle Rechte und Freiheiten unserer Mitb\u00fcrger albanischer Nationalit\u00e4t und der \u00fcbrigen ethnischen Gemeinschaften in Kosovo und Metochien an. Deshalb beten wir zu Gott, er m\u00f6ge allen V\u00f6lkern und Gemeinschaften in Kosovo und Metochien historische Vers\u00f6hnung, eine friedliche Zukunft, ein des Menschen w\u00fcrdiges Leben und jeglichen Segen bescheren.<\/p>\n<div id=\"g1-divider-counter-1\" class=\"g1-divider g1-type-classic-3\"><\/div>\n<p>Die Serbische Orthodoxe Kirche und das serbische Volk haben Kosovo und Metochien selbst in den schwersten Zeiten der Geschichte bewahrt. Kosovo und Metochien \u2013\u00a0 das ist im geistigen und moralischen Sinne das Herz und die Seele des serbischen Volkes. Daher k\u00f6nnen sich die Serbische Orthodoxe Kirche und das serbische Volk niemals ihres Rechts auf eine Existenz und ein freies Leben im\u00a0 wertvollsten Teil des serbischen Staatsterritoriums entsagen.\u00a0 Von besonderer Wichtigkeit ist f\u00fcr die Kirche die Erhaltung zahlreicher christlich orthodoxer Heiligt\u00fcmer in Kosovo und Metochien sowie die R\u00fcckkehr aller Vertriebenen. All das ist nur m\u00f6glich insoweit\u00a0 Kosovo und Metochien als Bestandteil Serbiens mit seiner\u00a0 wesentlichen Autonomie bewahrt wird. Es ist bedauerlicherweise nicht m\u00f6glich, sollte Kosovo und Metochien Serbien mit Gewalt entrissen werden. Nicht nur der multiethnische Charakter unserer Provinz, sondern auch die christliche Identit\u00e4t und Kultur dieses Teils Europas w\u00fcrde ernsthaft in Frage gestellt werden. Im Falle dass Kosovo und Metochien seine Unabh\u00e4ngigkeit als Staat erh\u00e4lt,\u00a0 w\u00fcrde das bedeuten, Gottes- und Menschengesetze mit F\u00fcssen zu treten, und einem europ\u00e4ischen, christlichen Volk seine jahrhundertealten, international anerkannten und best\u00e4tigten Rechte zu verwehren, was einen Pr\u00e4zedenzfall mit unvorhersehbaren Folgen nicht nur f\u00fcr den Balkan und Europa, sondern f\u00fcr die ganze Welt schaffen w\u00fcrde.<\/p>\n<p>Noch ist Zeit f\u00fcr den Beginn ernsthafter Gespr\u00e4che und, unter der vollen historischen Verantwortung aller,\u00a0 f\u00fcr die Findung einer einvernahmlichen, gerechten und f\u00fcr alle akzeptablen Kompromissl\u00f6sung. Niemand hat das Recht, mit einer historisch unbedachten Politik die Rechte eines Volkes im Namen der Rechte eines anderen Volkes zu verletzen und somit international anerkannte Grenzen in Europa einseitig und gewaltsam umzu\u00e4ndern.<\/p>\n<p>Deshalb richtet die Bischofsvollversammlung der Serbischen Orthodoxen Kirche diesen Appell an die Vereinten Nationen, sowie an alle einflussreichen Staaten der Welt, bei der Findung einer solchen \u2013\u00a0 gerechten und f\u00fcr alle akzeptablen \u2013 L\u00f6sung, welche den legitimen Interessen der Serben sowie jenen der albanischen Volksgemeinschaft in Kosovo und Metochien gerecht wird, ihren Beistand zu leisten.<\/p>\n<p>Gleichzeitig ruft die Bischofsvollversammlung der Serbischen Orthodoxen Kirche die h\u00f6chsten Staatseinrichtungen \u2013 die Volksversammlung, den Pr\u00e4sidenten und die Regierung \u2013 dazu auf, mit noch gr\u00f6sserer Ausdauer die Ganzheit Serbiens zu verteidigen und zu bewahren. Indem diese Serbien verteidigen, verteidigen sie auch das Recht, die Gerechtigkeit, die Moral, sowie die internationale Ordnung. Serbien nimmt niemandem etwas weg, aber es kann auch nicht zulassen, dass ihm gewaltsam f\u00fcnfzehn Prozent seines Territoriums weggenommen werden. F\u00fcr uns, f\u00fcr alle Christen, und f\u00fcr alle Menschen guten Willens gilt die Regel, dass niemand niemanden seiner Seele berauben kann, \u2013 sie kann nur der Einzelne selber verkaufen oder verlieren.<\/p>\n","protected":false},"excerpt":{"rendered":"<p>Presse- u. Informationsdienst der Heiligen Synode W\u00e4hrend einer Pressekonferenz im Patriarchat las Seine Eminenz, der Metropolit von Montenegro, Amfilohije, die an die in- und ausl\u00e4ndische\u00d6ffentlichkeit gerichtete Mitteilung der Hierarchie der Serbischen Orthodoxen Kirche vor. MITTEILUNG DER BISCHOFSVOLLVERSAMMLUNG DER SERBISCHEN ORTHODOXEN KIRCHE ZU KOSOVO UND METOCHIEN Kosovo und Metochien wurden viele jahrhundertelang von Serben bewohnt und [&hellip;]<\/p>\n","protected":false},"author":1,"featured_media":0,"parent":0,"menu_order":0,"comment_status":"closed","ping_status":"closed","template":"g1_template_page_sidebar_right.php","meta":{"footnotes":""},"class_list":["post-52","page","type-page","status-publish","hentry"],"yoast_head":"<!-- This site is optimized with the Yoast SEO plugin v26.9 - https:\/\/yoast.com\/product\/yoast-seo-wordpress\/ -->\n<title>Neuigkeiten - Serbisch - Orthodoxe Kirche<\/title>\n<meta name=\"robots\" content=\"index, follow, max-snippet:-1, max-image-preview:large, max-video-preview:-1\" \/>\n<link rel=\"canonical\" href=\"https:\/\/www.spc-linz.at\/de\/neuigkeiten\/\" \/>\n<meta property=\"og:locale\" content=\"en_US\" \/>\n<meta property=\"og:type\" content=\"article\" \/>\n<meta property=\"og:title\" content=\"Neuigkeiten - Serbisch - Orthodoxe Kirche\" \/>\n<meta property=\"og:description\" content=\"Presse- u. Informationsdienst der Heiligen Synode W\u00e4hrend einer Pressekonferenz im Patriarchat las Seine Eminenz, der Metropolit von Montenegro, Amfilohije, die an die in- und ausl\u00e4ndische\u00d6ffentlichkeit gerichtete Mitteilung der Hierarchie der Serbischen Orthodoxen Kirche vor. MITTEILUNG DER BISCHOFSVOLLVERSAMMLUNG DER SERBISCHEN ORTHODOXEN KIRCHE ZU KOSOVO UND METOCHIEN Kosovo und Metochien wurden viele jahrhundertelang von Serben bewohnt und [&hellip;]\" \/>\n<meta property=\"og:url\" content=\"https:\/\/www.spc-linz.at\/de\/neuigkeiten\/\" \/>\n<meta property=\"og:site_name\" content=\"Serbisch - Orthodoxe Kirche\" \/>\n<meta property=\"article:modified_time\" content=\"2016-06-06T09:51:13+00:00\" \/>\n<meta name=\"twitter:card\" content=\"summary_large_image\" \/>\n<meta name=\"twitter:label1\" content=\"Est. reading time\" \/>\n\t<meta name=\"twitter:data1\" content=\"4 minutes\" \/>\n<script type=\"application\/ld+json\" class=\"yoast-schema-graph\">{\"@context\":\"https:\/\/schema.org\",\"@graph\":[{\"@type\":\"WebPage\",\"@id\":\"https:\/\/www.spc-linz.at\/de\/neuigkeiten\/\",\"url\":\"https:\/\/www.spc-linz.at\/de\/neuigkeiten\/\",\"name\":\"Neuigkeiten - Serbisch - Orthodoxe Kirche\",\"isPartOf\":{\"@id\":\"https:\/\/www.spc-linz.at\/de\/#website\"},\"datePublished\":\"2016-06-06T09:49:40+00:00\",\"dateModified\":\"2016-06-06T09:51:13+00:00\",\"breadcrumb\":{\"@id\":\"https:\/\/www.spc-linz.at\/de\/neuigkeiten\/#breadcrumb\"},\"inLanguage\":\"en-US\",\"potentialAction\":[{\"@type\":\"ReadAction\",\"target\":[\"https:\/\/www.spc-linz.at\/de\/neuigkeiten\/\"]}]},{\"@type\":\"BreadcrumbList\",\"@id\":\"https:\/\/www.spc-linz.at\/de\/neuigkeiten\/#breadcrumb\",\"itemListElement\":[{\"@type\":\"ListItem\",\"position\":1,\"name\":\"Home\",\"item\":\"https:\/\/www.spc-linz.at\/de\/\"},{\"@type\":\"ListItem\",\"position\":2,\"name\":\"Neuigkeiten\"}]},{\"@type\":\"WebSite\",\"@id\":\"https:\/\/www.spc-linz.at\/de\/#website\",\"url\":\"https:\/\/www.spc-linz.at\/de\/\",\"name\":\"Serbisch - Orthodoxe Kirche\",\"description\":\"Serbisch - Orthodoxe Kirchengemeinde Linz - Di\u00f6zese \u00d6sterreich Schweiz\",\"potentialAction\":[{\"@type\":\"SearchAction\",\"target\":{\"@type\":\"EntryPoint\",\"urlTemplate\":\"https:\/\/www.spc-linz.at\/de\/?s={search_term_string}\"},\"query-input\":{\"@type\":\"PropertyValueSpecification\",\"valueRequired\":true,\"valueName\":\"search_term_string\"}}],\"inLanguage\":\"en-US\"}]}<\/script>\n<!-- \/ Yoast SEO plugin. -->","yoast_head_json":{"title":"Neuigkeiten - Serbisch - Orthodoxe Kirche","robots":{"index":"index","follow":"follow","max-snippet":"max-snippet:-1","max-image-preview":"max-image-preview:large","max-video-preview":"max-video-preview:-1"},"canonical":"https:\/\/www.spc-linz.at\/de\/neuigkeiten\/","og_locale":"en_US","og_type":"article","og_title":"Neuigkeiten - Serbisch - Orthodoxe Kirche","og_description":"Presse- u. Informationsdienst der Heiligen Synode W\u00e4hrend einer Pressekonferenz im Patriarchat las Seine Eminenz, der Metropolit von Montenegro, Amfilohije, die an die in- und ausl\u00e4ndische\u00d6ffentlichkeit gerichtete Mitteilung der Hierarchie der Serbischen Orthodoxen Kirche vor. MITTEILUNG DER BISCHOFSVOLLVERSAMMLUNG DER SERBISCHEN ORTHODOXEN KIRCHE ZU KOSOVO UND METOCHIEN Kosovo und Metochien wurden viele jahrhundertelang von Serben bewohnt und [&hellip;]","og_url":"https:\/\/www.spc-linz.at\/de\/neuigkeiten\/","og_site_name":"Serbisch - Orthodoxe Kirche","article_modified_time":"2016-06-06T09:51:13+00:00","twitter_card":"summary_large_image","twitter_misc":{"Est. reading time":"4 minutes"},"schema":{"@context":"https:\/\/schema.org","@graph":[{"@type":"WebPage","@id":"https:\/\/www.spc-linz.at\/de\/neuigkeiten\/","url":"https:\/\/www.spc-linz.at\/de\/neuigkeiten\/","name":"Neuigkeiten - Serbisch - Orthodoxe Kirche","isPartOf":{"@id":"https:\/\/www.spc-linz.at\/de\/#website"},"datePublished":"2016-06-06T09:49:40+00:00","dateModified":"2016-06-06T09:51:13+00:00","breadcrumb":{"@id":"https:\/\/www.spc-linz.at\/de\/neuigkeiten\/#breadcrumb"},"inLanguage":"en-US","potentialAction":[{"@type":"ReadAction","target":["https:\/\/www.spc-linz.at\/de\/neuigkeiten\/"]}]},{"@type":"BreadcrumbList","@id":"https:\/\/www.spc-linz.at\/de\/neuigkeiten\/#breadcrumb","itemListElement":[{"@type":"ListItem","position":1,"name":"Home","item":"https:\/\/www.spc-linz.at\/de\/"},{"@type":"ListItem","position":2,"name":"Neuigkeiten"}]},{"@type":"WebSite","@id":"https:\/\/www.spc-linz.at\/de\/#website","url":"https:\/\/www.spc-linz.at\/de\/","name":"Serbisch - Orthodoxe Kirche","description":"Serbisch - Orthodoxe Kirchengemeinde Linz - Di\u00f6zese \u00d6sterreich Schweiz","potentialAction":[{"@type":"SearchAction","target":{"@type":"EntryPoint","urlTemplate":"https:\/\/www.spc-linz.at\/de\/?s={search_term_string}"},"query-input":{"@type":"PropertyValueSpecification","valueRequired":true,"valueName":"search_term_string"}}],"inLanguage":"en-US"}]}},"_links":{"self":[{"href":"https:\/\/www.spc-linz.at\/de\/wp-json\/wp\/v2\/pages\/52","targetHints":{"allow":["GET"]}}],"collection":[{"href":"https:\/\/www.spc-linz.at\/de\/wp-json\/wp\/v2\/pages"}],"about":[{"href":"https:\/\/www.spc-linz.at\/de\/wp-json\/wp\/v2\/types\/page"}],"author":[{"embeddable":true,"href":"https:\/\/www.spc-linz.at\/de\/wp-json\/wp\/v2\/users\/1"}],"replies":[{"embeddable":true,"href":"https:\/\/www.spc-linz.at\/de\/wp-json\/wp\/v2\/comments?post=52"}],"version-history":[{"count":4,"href":"https:\/\/www.spc-linz.at\/de\/wp-json\/wp\/v2\/pages\/52\/revisions"}],"predecessor-version":[{"id":57,"href":"https:\/\/www.spc-linz.at\/de\/wp-json\/wp\/v2\/pages\/52\/revisions\/57"}],"wp:attachment":[{"href":"https:\/\/www.spc-linz.at\/de\/wp-json\/wp\/v2\/media?parent=52"}],"curies":[{"name":"wp","href":"https:\/\/api.w.org\/{rel}","templated":true}]}}