{"id":29,"date":"2016-06-06T09:37:43","date_gmt":"2016-06-06T09:37:43","guid":{"rendered":"http:\/\/www.spc-linz.at\/de\/?page_id=29"},"modified":"2016-06-06T09:40:02","modified_gmt":"2016-06-06T09:40:02","slug":"schutzpatron","status":"publish","type":"page","link":"https:\/\/www.spc-linz.at\/de\/schutzpatron\/","title":{"rendered":"Schutzpatron"},"content":{"rendered":"<ul class=\"g1-grid\"><li class=\"g1-column g1-one-half g1-valign-top\" id=\"g1-grid-counter-0\" >\n<span id=\"g1-frame-counter-1\" class=\"g1-frame g1-type-modern-white aligncenter\">\n\t<span class=\"g1-decorator\">\n\t\t<span class=\"g1-outer\">\n\t\t\t<span class=\"g1-inner\">\n\t\t\t\t<img decoding=\"async\" src=\"\/wp-content\/uploads\/sites\/2\/2016\/06\/svetac5.jpg\"\/>\n\t\t\t\t<span class=\"g1-indicator g1-type-document\"><span><\/span><span><\/span><\/span>\n\t\t\t<\/span>\t\t\t<span class=\"g1-01\"><\/span><span class=\"g1-02\"><\/span><span class=\"g1-03\"><\/span><span class=\"g1-04\"><\/span><span class=\"g1-05\"><\/span><span class=\"g1-06\"><\/span><span class=\"g1-07\"><\/span><span class=\"g1-08\"><\/span>\n\t\t<\/span>\n\t<\/span>\n<\/span>\n<\/li><!-- --><li class=\"g1-column g1-one-half g1-valign-top\" id=\"g1-grid-counter-1\" >\n<p>Eins von den geliebtesten und das popul\u00e4r von allen serbischen Heiligen ist der heilige Bishop Vasilije (Basilikum), das wonderworker des Monastery von Ostrov in Montenegro. Str. Vasilije wurde zur H\u00e4lfte fr\u00fche des 17. Jahrhunderts in einem kleinen Dorf des nahe gelegenen Herzegovina getragen. Der pious junge Mann betrat sp\u00e4ter den Monastery des Dormition bei Trebinje, in dem er sein Leben von asceticism anfing. Bald wurde sein Leben des Kampfes und der Heiligkeit im Allgemeinen bekannt und, trotz seiner Proteste, wurde er als Bishop von Zahum und von Skadar gew\u00e4hlt. Wie Bishop er sein strenges Leben fortsetzte und weit und weit f\u00fcr seine Briefe von N\u00e4chstenliebe und von Freundlichkeit ber\u00fchmt wurde.<\/p>\n<\/li><!-- --><\/ul>\n<p>Str. Vasilije ist m\u00f6glicherweise f\u00fcr seine au\u00dferordentlichen Taten von asceticism und von liebevoller Freundlichkeit am bekanntesten. In der Tat ist er m\u00f6glicherweise aller serbischen Asketen das weithin bekannteste. Aber er war auch ein Beichtvater f\u00fcr heilige Konventionalit\u00e4t und st\u00e4ndig setzte der lateinischen Ketzerei entgegen, die die serbischen L\u00e4nder von den venetianischen besetzten Regionen der adriatischen K\u00fcste bedrohte.<\/p>\n<div id=\"g1-divider-counter-1\" class=\"g1-divider g1-type-classic-3\"><\/div>\n<p>Nach der Zerst\u00f6rung des Monastery ein t Tverdosh, sehen seine episkopalen, Str. Vasilije, das zu den schroffen Bergen von Montenegro geflohen wird, in dem er ein sogar strengeres Leben von asceticism aufnahm und Einsamkeit in einer H\u00f6hle an einem Platz benannte. Ostrog. Und dort, durch seine Arbeiten, Gebete und Anleitung, verwies er seine Di\u00f6zese und tr\u00f6stete und sch\u00fctzt seine Menge vor den St\u00f6rungen der Lateine und der Unzivilisiertheit der T\u00fcrken.<\/p>\n<p>Diesmal fing der Ruhm des Heiligen an, noch einmal zu verbreiten, und er wurde als Wunderarbeiter sogar in seiner Lebenszeit bekannt. Viele M\u00f6nche fingen an, um ihn wie zu erfassen. ihr \u00e4ltestes und ein Monastery wurden gebildet.<\/p>\n<p>Der heilige Bishop ruhte sich am 29. April (externes), auf dem Fest der neun heiligen M\u00e4rtyrer von Cyzicus, im Jahr 1671 aus. Bald danach, fing seines heiligen Remains an, einen s\u00fcssen Geruch weiter herauszugeben, und viele Wunder wurden in ihrer Anwesenheit bearbeitet. Seit dieser Zeit sind die heiligen Relikte des wonderworker der Aufstellungsort vieler Pilgrimages geworden. Und diese Pilgrims werden nicht nur vom orthodoxen zuverl\u00e4ssigen enthalten: sogar die Moslems;. T\u00fcrken und Albaner venerate das heilige, denn er hat ihnen Bevorzugung auch gezeigt, wenn sie ihm in der Furcht und in der Bescheidenheit sich n\u00e4hern. Und Str. Vasilije wird sogar von den Kommunisten respektiert, die ihn f\u00fcrchten und die Energie seines Ged\u00e4chtnisses unter den Leuten kennen, da eine von ihnen, Milovan Djilas, in einem seiner B\u00fccher bezeugt.<\/p>\n","protected":false},"excerpt":{"rendered":"<p>Str. Vasilije ist m\u00f6glicherweise f\u00fcr seine au\u00dferordentlichen Taten von asceticism und von liebevoller Freundlichkeit am bekanntesten. In der Tat ist er m\u00f6glicherweise aller serbischen Asketen das weithin bekannteste. Aber er war auch ein Beichtvater f\u00fcr heilige Konventionalit\u00e4t und st\u00e4ndig setzte der lateinischen Ketzerei entgegen, die die serbischen L\u00e4nder von den venetianischen besetzten Regionen der adriatischen [&hellip;]<\/p>\n","protected":false},"author":1,"featured_media":0,"parent":0,"menu_order":0,"comment_status":"closed","ping_status":"closed","template":"g1_template_page_sidebar_right.php","meta":{"footnotes":""},"class_list":["post-29","page","type-page","status-publish","hentry"],"yoast_head":"<!-- This site is optimized with the Yoast SEO plugin v26.9 - https:\/\/yoast.com\/product\/yoast-seo-wordpress\/ -->\n<title>Schutzpatron - Serbisch - Orthodoxe Kirche<\/title>\n<meta name=\"robots\" content=\"index, follow, max-snippet:-1, max-image-preview:large, max-video-preview:-1\" \/>\n<link rel=\"canonical\" href=\"https:\/\/www.spc-linz.at\/de\/schutzpatron\/\" \/>\n<meta property=\"og:locale\" content=\"en_US\" \/>\n<meta property=\"og:type\" content=\"article\" \/>\n<meta property=\"og:title\" content=\"Schutzpatron - Serbisch - Orthodoxe Kirche\" \/>\n<meta property=\"og:description\" content=\"Str. Vasilije ist m\u00f6glicherweise f\u00fcr seine au\u00dferordentlichen Taten von asceticism und von liebevoller Freundlichkeit am bekanntesten. In der Tat ist er m\u00f6glicherweise aller serbischen Asketen das weithin bekannteste. Aber er war auch ein Beichtvater f\u00fcr heilige Konventionalit\u00e4t und st\u00e4ndig setzte der lateinischen Ketzerei entgegen, die die serbischen L\u00e4nder von den venetianischen besetzten Regionen der adriatischen [&hellip;]\" \/>\n<meta property=\"og:url\" content=\"https:\/\/www.spc-linz.at\/de\/schutzpatron\/\" \/>\n<meta property=\"og:site_name\" content=\"Serbisch - Orthodoxe Kirche\" \/>\n<meta property=\"article:modified_time\" content=\"2016-06-06T09:40:02+00:00\" \/>\n<meta name=\"twitter:card\" content=\"summary_large_image\" \/>\n<meta name=\"twitter:label1\" content=\"Est. reading time\" \/>\n\t<meta name=\"twitter:data1\" content=\"2 minutes\" \/>\n<script type=\"application\/ld+json\" class=\"yoast-schema-graph\">{\"@context\":\"https:\/\/schema.org\",\"@graph\":[{\"@type\":\"WebPage\",\"@id\":\"https:\/\/www.spc-linz.at\/de\/schutzpatron\/\",\"url\":\"https:\/\/www.spc-linz.at\/de\/schutzpatron\/\",\"name\":\"Schutzpatron - Serbisch - Orthodoxe Kirche\",\"isPartOf\":{\"@id\":\"https:\/\/www.spc-linz.at\/de\/#website\"},\"datePublished\":\"2016-06-06T09:37:43+00:00\",\"dateModified\":\"2016-06-06T09:40:02+00:00\",\"breadcrumb\":{\"@id\":\"https:\/\/www.spc-linz.at\/de\/schutzpatron\/#breadcrumb\"},\"inLanguage\":\"en-US\",\"potentialAction\":[{\"@type\":\"ReadAction\",\"target\":[\"https:\/\/www.spc-linz.at\/de\/schutzpatron\/\"]}]},{\"@type\":\"BreadcrumbList\",\"@id\":\"https:\/\/www.spc-linz.at\/de\/schutzpatron\/#breadcrumb\",\"itemListElement\":[{\"@type\":\"ListItem\",\"position\":1,\"name\":\"Home\",\"item\":\"https:\/\/www.spc-linz.at\/de\/\"},{\"@type\":\"ListItem\",\"position\":2,\"name\":\"Schutzpatron\"}]},{\"@type\":\"WebSite\",\"@id\":\"https:\/\/www.spc-linz.at\/de\/#website\",\"url\":\"https:\/\/www.spc-linz.at\/de\/\",\"name\":\"Serbisch - Orthodoxe Kirche\",\"description\":\"Serbisch - Orthodoxe Kirchengemeinde Linz - Di\u00f6zese \u00d6sterreich Schweiz\",\"potentialAction\":[{\"@type\":\"SearchAction\",\"target\":{\"@type\":\"EntryPoint\",\"urlTemplate\":\"https:\/\/www.spc-linz.at\/de\/?s={search_term_string}\"},\"query-input\":{\"@type\":\"PropertyValueSpecification\",\"valueRequired\":true,\"valueName\":\"search_term_string\"}}],\"inLanguage\":\"en-US\"}]}<\/script>\n<!-- \/ Yoast SEO plugin. -->","yoast_head_json":{"title":"Schutzpatron - Serbisch - Orthodoxe Kirche","robots":{"index":"index","follow":"follow","max-snippet":"max-snippet:-1","max-image-preview":"max-image-preview:large","max-video-preview":"max-video-preview:-1"},"canonical":"https:\/\/www.spc-linz.at\/de\/schutzpatron\/","og_locale":"en_US","og_type":"article","og_title":"Schutzpatron - Serbisch - Orthodoxe Kirche","og_description":"Str. Vasilije ist m\u00f6glicherweise f\u00fcr seine au\u00dferordentlichen Taten von asceticism und von liebevoller Freundlichkeit am bekanntesten. In der Tat ist er m\u00f6glicherweise aller serbischen Asketen das weithin bekannteste. Aber er war auch ein Beichtvater f\u00fcr heilige Konventionalit\u00e4t und st\u00e4ndig setzte der lateinischen Ketzerei entgegen, die die serbischen L\u00e4nder von den venetianischen besetzten Regionen der adriatischen [&hellip;]","og_url":"https:\/\/www.spc-linz.at\/de\/schutzpatron\/","og_site_name":"Serbisch - Orthodoxe Kirche","article_modified_time":"2016-06-06T09:40:02+00:00","twitter_card":"summary_large_image","twitter_misc":{"Est. reading time":"2 minutes"},"schema":{"@context":"https:\/\/schema.org","@graph":[{"@type":"WebPage","@id":"https:\/\/www.spc-linz.at\/de\/schutzpatron\/","url":"https:\/\/www.spc-linz.at\/de\/schutzpatron\/","name":"Schutzpatron - Serbisch - Orthodoxe Kirche","isPartOf":{"@id":"https:\/\/www.spc-linz.at\/de\/#website"},"datePublished":"2016-06-06T09:37:43+00:00","dateModified":"2016-06-06T09:40:02+00:00","breadcrumb":{"@id":"https:\/\/www.spc-linz.at\/de\/schutzpatron\/#breadcrumb"},"inLanguage":"en-US","potentialAction":[{"@type":"ReadAction","target":["https:\/\/www.spc-linz.at\/de\/schutzpatron\/"]}]},{"@type":"BreadcrumbList","@id":"https:\/\/www.spc-linz.at\/de\/schutzpatron\/#breadcrumb","itemListElement":[{"@type":"ListItem","position":1,"name":"Home","item":"https:\/\/www.spc-linz.at\/de\/"},{"@type":"ListItem","position":2,"name":"Schutzpatron"}]},{"@type":"WebSite","@id":"https:\/\/www.spc-linz.at\/de\/#website","url":"https:\/\/www.spc-linz.at\/de\/","name":"Serbisch - Orthodoxe Kirche","description":"Serbisch - Orthodoxe Kirchengemeinde Linz - Di\u00f6zese \u00d6sterreich Schweiz","potentialAction":[{"@type":"SearchAction","target":{"@type":"EntryPoint","urlTemplate":"https:\/\/www.spc-linz.at\/de\/?s={search_term_string}"},"query-input":{"@type":"PropertyValueSpecification","valueRequired":true,"valueName":"search_term_string"}}],"inLanguage":"en-US"}]}},"_links":{"self":[{"href":"https:\/\/www.spc-linz.at\/de\/wp-json\/wp\/v2\/pages\/29","targetHints":{"allow":["GET"]}}],"collection":[{"href":"https:\/\/www.spc-linz.at\/de\/wp-json\/wp\/v2\/pages"}],"about":[{"href":"https:\/\/www.spc-linz.at\/de\/wp-json\/wp\/v2\/types\/page"}],"author":[{"embeddable":true,"href":"https:\/\/www.spc-linz.at\/de\/wp-json\/wp\/v2\/users\/1"}],"replies":[{"embeddable":true,"href":"https:\/\/www.spc-linz.at\/de\/wp-json\/wp\/v2\/comments?post=29"}],"version-history":[{"count":6,"href":"https:\/\/www.spc-linz.at\/de\/wp-json\/wp\/v2\/pages\/29\/revisions"}],"predecessor-version":[{"id":37,"href":"https:\/\/www.spc-linz.at\/de\/wp-json\/wp\/v2\/pages\/29\/revisions\/37"}],"wp:attachment":[{"href":"https:\/\/www.spc-linz.at\/de\/wp-json\/wp\/v2\/media?parent=29"}],"curies":[{"name":"wp","href":"https:\/\/api.w.org\/{rel}","templated":true}]}}